{"id":10,"date":"2024-01-18T14:55:04","date_gmt":"2024-01-18T17:55:04","guid":{"rendered":"https:\/\/aquecedoresefiltros.com.br\/?page_id=10"},"modified":"2024-01-30T08:00:51","modified_gmt":"2024-01-30T11:00:51","slug":"representacao","status":"publish","type":"page","link":"https:\/\/aquecedoresefiltros.com.br\/index.php\/representacao\/","title":{"rendered":"Representa\u00e7\u00e3o"},"content":{"rendered":"<!-- wp:paragraph--><div class=\"gridContainer\">\n<p>Se voc\u00ea se interessou por algum dos equipamentos TECSOL, entre em contato!<\/p>\n<\/div><!-- \/wp:paragraph-->\n\n<!-- wp:paragraph--><div class=\"gridContainer\">\n<p>Atuamos fortemente na regi\u00e3o de Campinas e Baixada Mogiana, por\u00e9m se voc\u00ea mora ou tem um empreendimento em outra regi\u00e3o do estado ou pa\u00eds, solicite um or\u00e7amento e teremos o maior prazer em atend\u00ea-lo!<\/p>\n<\/div><!-- \/wp:paragraph-->\n\n<!-- wp:image {\"align\":\"left\",\"id\":11,\"sizeSlug\":\"full\",\"linkDestination\":\"none\"}--><div class=\"gridContainer\">\n<figure class=\"wp-block-image alignleft size-full\"><img loading=\"lazy\" decoding=\"async\" width=\"250\" height=\"49\" src=\"https:\/\/aquecedoresefiltros.com.br\/wp-content\/uploads\/2024\/01\/tecsol-logo.png\" alt=\"\" class=\"wp-image-11\"\/><\/figure>\n<\/div><!-- \/wp:image-->\n\n<!-- wp:shortcode--><div class=\"gridContainer\">\n\n<div class=\"wpcf7 no-js\" id=\"wpcf7-f80-o1\" lang=\"pt-BR\" dir=\"ltr\">\n<div class=\"screen-reader-response\"><p role=\"status\" aria-live=\"polite\" aria-atomic=\"true\"><\/p> <ul><\/ul><\/div>\n<form action=\"\/index.php\/wp-json\/wp\/v2\/pages\/10#wpcf7-f80-o1\" method=\"post\" class=\"wpcf7-form init\" aria-label=\"Formul\u00e1rios de contato\" novalidate=\"novalidate\" data-status=\"init\">\n<div style=\"display: none;\">\n<input type=\"hidden\" name=\"_wpcf7\" value=\"80\" \/>\n<input type=\"hidden\" name=\"_wpcf7_version\" value=\"5.8.6\" \/>\n<input type=\"hidden\" name=\"_wpcf7_locale\" value=\"pt_BR\" \/>\n<input type=\"hidden\" name=\"_wpcf7_unit_tag\" value=\"wpcf7-f80-o1\" \/>\n<input type=\"hidden\" name=\"_wpcf7_container_post\" value=\"0\" \/>\n<input type=\"hidden\" name=\"_wpcf7_posted_data_hash\" value=\"\" \/>\n<input type=\"hidden\" name=\"_wpcf7_recaptcha_response\" value=\"\" \/>\n<\/div>\n<p><label> Seu nome<br \/>\n<span class=\"wpcf7-form-control-wrap\" data-name=\"your-name\"><input size=\"40\" class=\"wpcf7-form-control wpcf7-text wpcf7-validates-as-required\" autocomplete=\"name\" aria-required=\"true\" aria-invalid=\"false\" value=\"\" type=\"text\" name=\"your-name\" \/><\/span> <\/label>\n<\/p>\n<p><label> Seu e-mail<br \/>\n<span class=\"wpcf7-form-control-wrap\" data-name=\"your-email\"><input size=\"40\" class=\"wpcf7-form-control wpcf7-email wpcf7-validates-as-required wpcf7-text wpcf7-validates-as-email\" autocomplete=\"email\" aria-required=\"true\" aria-invalid=\"false\" value=\"\" type=\"email\" name=\"your-email\" \/><\/span> <\/label>\n<\/p>\n<p><label> Assunto<br \/>\n<span class=\"wpcf7-form-control-wrap\" data-name=\"your-subject\"><input size=\"40\" class=\"wpcf7-form-control wpcf7-text wpcf7-validates-as-required\" aria-required=\"true\" aria-invalid=\"false\" value=\"\" type=\"text\" name=\"your-subject\" \/><\/span> <\/label>\n<\/p>\n<p><label> Sua mensagem (opcional)<br \/>\n<span class=\"wpcf7-form-control-wrap\" data-name=\"your-message\"><textarea cols=\"40\" rows=\"10\" class=\"wpcf7-form-control wpcf7-textarea\" aria-invalid=\"false\" name=\"your-message\"><\/textarea><\/span> <\/label>\n<\/p>\n<p><input class=\"wpcf7-form-control wpcf7-submit has-spinner\" type=\"submit\" value=\"Enviar\" \/>\n<\/p><p style=\"display: none !important;\" class=\"akismet-fields-container\" data-prefix=\"_wpcf7_ak_\"><label>&#916;<textarea name=\"_wpcf7_ak_hp_textarea\" cols=\"45\" rows=\"8\" maxlength=\"100\"><\/textarea><\/label><input type=\"hidden\" id=\"ak_js_1\" name=\"_wpcf7_ak_js\" value=\"86\"\/><script>document.getElementById( \"ak_js_1\" ).setAttribute( \"value\", ( new Date() ).getTime() );<\/script><\/p><div class=\"wpcf7-response-output\" aria-hidden=\"true\"><\/div>\n<\/form>\n<\/div>\n\n<\/div><!-- \/wp:shortcode-->\n\n<!-- wp:paragraph--><div class=\"gridContainer\">\n<p>Se preferir, entre em contato por e-mail:<\/p>\n<\/div><!-- \/wp:paragraph-->\n\n<!-- wp:image {\"align\":\"left\",\"id\":15,\"width\":\"144px\",\"height\":\"auto\",\"sizeSlug\":\"full\",\"linkDestination\":\"custom\"}--><div class=\"gridContainer\">\n<figure class=\"wp-block-image alignleft size-full is-resized\"><a href=\"mailto:pedrocamatari@hotmail.com\"><img loading=\"lazy\" decoding=\"async\" width=\"356\" height=\"387\" src=\"https:\/\/aquecedoresefiltros.com.br\/wp-content\/uploads\/2024\/01\/EmailGraphic.jpg\" alt=\"\" class=\"wp-image-15\" style=\"width:144px;height:auto\" srcset=\"https:\/\/aquecedoresefiltros.com.br\/wp-content\/uploads\/2024\/01\/EmailGraphic.jpg 356w, https:\/\/aquecedoresefiltros.com.br\/wp-content\/uploads\/2024\/01\/EmailGraphic-276x300.jpg 276w\" sizes=\"(max-width: 356px) 100vw, 356px\" \/><\/a><\/figure>\n<\/div><!-- \/wp:image-->","protected":false},"excerpt":{"rendered":"<p>Se voc\u00ea se interessou por algum dos equipamentos TECSOL, entre em contato! Atuamos fortemente na regi\u00e3o de Campinas e Baixada Mogiana, por\u00e9m se voc\u00ea mora ou tem um empreendimento em outra regi\u00e3o do estado ou pa\u00eds, solicite um or\u00e7amento e teremos o maior prazer em atend\u00ea-lo! Se preferir, entre em contato por e-mail:<\/p>\n","protected":false},"author":1,"featured_media":0,"parent":0,"menu_order":0,"comment_status":"closed","ping_status":"closed","template":"","meta":{"footnotes":""},"_links":{"self":[{"href":"https:\/\/aquecedoresefiltros.com.br\/index.php\/wp-json\/wp\/v2\/pages\/10"}],"collection":[{"href":"https:\/\/aquecedoresefiltros.com.br\/index.php\/wp-json\/wp\/v2\/pages"}],"about":[{"href":"https:\/\/aquecedoresefiltros.com.br\/index.php\/wp-json\/wp\/v2\/types\/page"}],"author":[{"embeddable":true,"href":"https:\/\/aquecedoresefiltros.com.br\/index.php\/wp-json\/wp\/v2\/users\/1"}],"replies":[{"embeddable":true,"href":"https:\/\/aquecedoresefiltros.com.br\/index.php\/wp-json\/wp\/v2\/comments?post=10"}],"version-history":[{"count":5,"href":"https:\/\/aquecedoresefiltros.com.br\/index.php\/wp-json\/wp\/v2\/pages\/10\/revisions"}],"predecessor-version":[{"id":81,"href":"https:\/\/aquecedoresefiltros.com.br\/index.php\/wp-json\/wp\/v2\/pages\/10\/revisions\/81"}],"wp:attachment":[{"href":"https:\/\/aquecedoresefiltros.com.br\/index.php\/wp-json\/wp\/v2\/media?parent=10"}],"curies":[{"name":"wp","href":"https:\/\/api.w.org\/{rel}","templated":true}]}}