{"id":47,"date":"2024-01-18T15:38:33","date_gmt":"2024-01-18T18:38:33","guid":{"rendered":"https:\/\/aquecedoresefiltros.com.br\/?page_id=47"},"modified":"2024-01-18T15:38:33","modified_gmt":"2024-01-18T18:38:33","slug":"aquecedor-solar","status":"publish","type":"page","link":"https:\/\/aquecedoresefiltros.com.br\/index.php\/aquecedor-solar\/","title":{"rendered":"Aquecedor Solar"},"content":{"rendered":"<!-- wp:paragraph--><div class=\"gridContainer\">\n<p>AQUECEDORES SOLAR TECSOL \u2013 FAZER ECONOMIA NOS DIAS DE HOJE, USANDO ENERGIA SOLAR, VOC\u00ca TEM MUITA \u00c1GUA QUENTE E \u00c9 DE GRA\u00c7A.<\/p>\n<\/div><!-- \/wp:paragraph-->\n\n<!-- wp:image {\"id\":20,\"sizeSlug\":\"full\",\"linkDestination\":\"none\"}--><div class=\"gridContainer\">\n<figure class=\"wp-block-image size-full\"><img loading=\"lazy\" decoding=\"async\" width=\"332\" height=\"247\" src=\"https:\/\/aquecedoresefiltros.com.br\/wp-content\/uploads\/2024\/01\/aquecimento-solar.jpg\" alt=\"\" class=\"wp-image-20\" srcset=\"https:\/\/aquecedoresefiltros.com.br\/wp-content\/uploads\/2024\/01\/aquecimento-solar.jpg 332w, https:\/\/aquecedoresefiltros.com.br\/wp-content\/uploads\/2024\/01\/aquecimento-solar-300x223.jpg 300w\" sizes=\"(max-width: 332px) 100vw, 332px\" \/><\/figure>\n<\/div><!-- \/wp:image-->\n\n<!-- wp:paragraph--><div class=\"gridContainer\">\n<p>COMPOSI\u00c7\u00c3O DOS AQUECEDORES TECSOL.<br>\u2013 CAIXA T\u00c9RMICA<br>\u2013 COLETORES<br>\u2013 CAIXA DE \u00c1GUA FRIA PARA ALIMENTA\u00c7\u00c3O<\/p>\n<\/div><!-- \/wp:paragraph-->\n\n<!-- wp:paragraph--><div class=\"gridContainer\">\n<p>DADOS T\u00c9CNICOS<br>\u2013 TEMPERATURA DE FUNCIONAMENTO\u2026\u2026\u2026\u2026\u2026\u2026\u2026\u2026\u2026..80\u00b0C<br>\u2013 PRESS\u00c3O DE FUNCIONAMENTO\u2026\u2026\u2026\u2026\u2026\u2026\u2026\u2026\u2026\u2026\u20263,0 KGF\/CM2<br>\u2013 PRESS\u00c3O DE TESTE\u2026\u2026\u2026\u2026\u2026\u2026\u2026\u2026\u2026\u2026\u2026\u2026\u2026..6,0 KGF\/CM2<br>\u2013 VOLUME DO ELEMENTO SENS\u00cdVEL\u2026\u2026\u2026\u2026\u2026\u2026\u2026\u2026\u2026\u20264,0LTS<br>\u2013 \u00c1REA DO ELEMENTO SENS\u00cdVEL\u2026\u2026\u2026\u2026\u2026\u2026\u2026\u2026\u2026\u2026..2,0M2<br>\u2013 PESO VAZIO DE UM COLETOR\u2026\u2026\u2026\u2026\u2026\u2026\u2026\u2026\u2026\u2026\u202630,0KG<\/p>\n<\/div><!-- \/wp:paragraph-->\n\n<!-- wp:image {\"id\":17,\"sizeSlug\":\"full\",\"linkDestination\":\"none\"}--><div class=\"gridContainer\">\n<figure class=\"wp-block-image size-full\"><img loading=\"lazy\" decoding=\"async\" width=\"450\" height=\"353\" src=\"https:\/\/aquecedoresefiltros.com.br\/wp-content\/uploads\/2024\/01\/placa-cortada.jpg\" alt=\"\" class=\"wp-image-17\" srcset=\"https:\/\/aquecedoresefiltros.com.br\/wp-content\/uploads\/2024\/01\/placa-cortada.jpg 450w, https:\/\/aquecedoresefiltros.com.br\/wp-content\/uploads\/2024\/01\/placa-cortada-300x235.jpg 300w\" sizes=\"(max-width: 450px) 100vw, 450px\" \/><\/figure>\n<\/div><!-- \/wp:image-->\n\n<!-- wp:paragraph--><div class=\"gridContainer\">\n<p>PLACA COLETORA<\/p>\n<\/div><!-- \/wp:paragraph-->\n\n<!-- wp:paragraph--><div class=\"gridContainer\">\n<p>\u2013 MATERIAL<br>* totalmente constru\u00eddo em alum\u00ednio ( monobloco ).<br>* cobertura de vidro plano inteiro transparente de 3mm.<br>* tamanhos: 2000x1000mm \/ 1500x1000mm.<\/p>\n<\/div><!-- \/wp:paragraph-->\n\n<!-- wp:paragraph--><div class=\"gridContainer\">\n<p>ELEMENTO SENS\u00cdVEL<br>* O elemento sens\u00edvel \u00e9 constru\u00eddo em cobre, sendo 8 tubos verticais com di\u00e2metro de 15mm e 2 receptores de 22mm.<br>* A grade \u00e9 envolvida por chapa de alum\u00ednio estruturado, pintado com tinta preta especial.<\/p>\n<\/div><!-- \/wp:paragraph-->\n\n<!-- wp:paragraph--><div class=\"gridContainer\">\n<p>ISOLAMENTO<br>* polipropileno expandido.<\/p>\n<\/div><!-- \/wp:paragraph-->\n\n<!-- wp:image {\"id\":12,\"sizeSlug\":\"full\",\"linkDestination\":\"none\"}--><div class=\"gridContainer\">\n<figure class=\"wp-block-image size-full\"><img loading=\"lazy\" decoding=\"async\" width=\"449\" height=\"385\" src=\"https:\/\/aquecedoresefiltros.com.br\/wp-content\/uploads\/2024\/01\/boiler-cortado.jpg\" alt=\"\" class=\"wp-image-12\" srcset=\"https:\/\/aquecedoresefiltros.com.br\/wp-content\/uploads\/2024\/01\/boiler-cortado.jpg 449w, https:\/\/aquecedoresefiltros.com.br\/wp-content\/uploads\/2024\/01\/boiler-cortado-300x257.jpg 300w\" sizes=\"(max-width: 449px) 100vw, 449px\" \/><\/figure>\n<\/div><!-- \/wp:image-->\n\n<!-- wp:paragraph--><div class=\"gridContainer\">\n<p>CAIXA T\u00c9RMICA<\/p>\n<\/div><!-- \/wp:paragraph-->\n\n<!-- wp:paragraph--><div class=\"gridContainer\">\n<p>\u2013 INTERNO: constru\u00edda em a\u00e7o inox AISI-304, espessura de 1,00mm com fundos boleado testado com press\u00e3o de 6 kgf\/cm2.<br>s\u00e3o fabricados com capacidades de 200 a 1000 litros. tamb\u00e9m em tamanhos especiais sob encomenda.<br>\u2013 EXTERNO: constru\u00edda em alum\u00ednio.<br>\u2013 ISOLAMENTO: manta de polipropileno expandido.<br>\u2013 SISTEMA EL\u00c9TRICO: resist\u00eancia com potencia de 3000w-220v; termostato com regulagem at\u00e9 90\u00b0 acompanha tamb\u00e9m um suporte para a caixa t\u00e9rmica constru\u00eddo em chapas met\u00e1lica.<\/p>\n<\/div><!-- \/wp:paragraph-->\n\n<!-- wp:paragraph--><div class=\"gridContainer\">\n<p>OBS: OS AQUECEDORES SOLAR TECSOL COM MAIS DE 30 ANOS NO MERCADO, S\u00c3O FORNECIDOS PARA RESIDENCIAS, INDUSTRIAS, HOT\u00c9IS, MOT\u00c9IS E HOSPITAIS.<br>TAMB\u00c9M MUITO UTILIZADO PARA AQUECER PISCINAS!<\/p>\n<\/div><!-- \/wp:paragraph-->\n\n<!-- wp:paragraph--><div class=\"gridContainer\">\n<p><a href=\"https:\/\/web.archive.org\/web\/20180906033011\/http:\/\/www.aquecedoresefiltros.com.br\/wp-content\/uploads\/2018\/08\/IMG_2728.jpg\"><\/a><\/p>\n<\/div><!-- \/wp:paragraph-->","protected":false},"excerpt":{"rendered":"<p>AQUECEDORES SOLAR TECSOL \u2013 FAZER ECONOMIA NOS DIAS DE HOJE, USANDO ENERGIA SOLAR, VOC\u00ca TEM MUITA \u00c1GUA QUENTE E \u00c9 DE GRA\u00c7A. COMPOSI\u00c7\u00c3O DOS AQUECEDORES TECSOL.\u2013 CAIXA T\u00c9RMICA\u2013 COLETORES\u2013 CAIXA DE \u00c1GUA FRIA PARA ALIMENTA\u00c7\u00c3O DADOS T\u00c9CNICOS\u2013 TEMPERATURA DE FUNCIONAMENTO\u2026\u2026\u2026\u2026\u2026\u2026\u2026\u2026\u2026..80\u00b0C\u2013 PRESS\u00c3O DE FUNCIONAMENTO\u2026\u2026\u2026\u2026\u2026\u2026\u2026\u2026\u2026\u2026\u20263,0 KGF\/CM2\u2013 PRESS\u00c3O DE TESTE\u2026\u2026\u2026\u2026\u2026\u2026\u2026\u2026\u2026\u2026\u2026\u2026\u2026..6,0 KGF\/CM2\u2013 VOLUME DO ELEMENTO SENS\u00cdVEL\u2026\u2026\u2026\u2026\u2026\u2026\u2026\u2026\u2026\u20264,0LTS\u2013 \u00c1REA DO ELEMENTO&nbsp;&hellip;<\/p>\n","protected":false},"author":1,"featured_media":0,"parent":0,"menu_order":0,"comment_status":"closed","ping_status":"closed","template":"","meta":{"footnotes":""},"_links":{"self":[{"href":"https:\/\/aquecedoresefiltros.com.br\/index.php\/wp-json\/wp\/v2\/pages\/47"}],"collection":[{"href":"https:\/\/aquecedoresefiltros.com.br\/index.php\/wp-json\/wp\/v2\/pages"}],"about":[{"href":"https:\/\/aquecedoresefiltros.com.br\/index.php\/wp-json\/wp\/v2\/types\/page"}],"author":[{"embeddable":true,"href":"https:\/\/aquecedoresefiltros.com.br\/index.php\/wp-json\/wp\/v2\/users\/1"}],"replies":[{"embeddable":true,"href":"https:\/\/aquecedoresefiltros.com.br\/index.php\/wp-json\/wp\/v2\/comments?post=47"}],"version-history":[{"count":1,"href":"https:\/\/aquecedoresefiltros.com.br\/index.php\/wp-json\/wp\/v2\/pages\/47\/revisions"}],"predecessor-version":[{"id":48,"href":"https:\/\/aquecedoresefiltros.com.br\/index.php\/wp-json\/wp\/v2\/pages\/47\/revisions\/48"}],"wp:attachment":[{"href":"https:\/\/aquecedoresefiltros.com.br\/index.php\/wp-json\/wp\/v2\/media?parent=47"}],"curies":[{"name":"wp","href":"https:\/\/api.w.org\/{rel}","templated":true}]}}