{"id":49,"date":"2024-01-18T15:42:00","date_gmt":"2024-01-18T18:42:00","guid":{"rendered":"https:\/\/aquecedoresefiltros.com.br\/?page_id=49"},"modified":"2024-01-18T15:42:00","modified_gmt":"2024-01-18T18:42:00","slug":"filtro-residencial","status":"publish","type":"page","link":"https:\/\/aquecedoresefiltros.com.br\/index.php\/filtro-residencial\/","title":{"rendered":"Filtro Residencial"},"content":{"rendered":"<!-- wp:paragraph--><div class=\"gridContainer\">\n<p>\u2013 BEBER \u00c1GUA FILTRADA \u00c9 CUIDAR DA SUA SA\u00daDE, E COM O FILTRO CENTRAL TECSOL VOC\u00ca TER\u00c1 \u00c1GUA FILTRADA EM TODAS AS TORNEIRAS DE SUA CASA.<\/p>\n<\/div><!-- \/wp:paragraph-->\n\n<!-- wp:image {\"id\":16,\"sizeSlug\":\"full\",\"linkDestination\":\"none\"}--><div class=\"gridContainer\">\n<figure class=\"wp-block-image size-full\"><img loading=\"lazy\" decoding=\"async\" width=\"600\" height=\"216\" src=\"https:\/\/aquecedoresefiltros.com.br\/wp-content\/uploads\/2024\/01\/filtro-agua.jpg\" alt=\"\" class=\"wp-image-16\" srcset=\"https:\/\/aquecedoresefiltros.com.br\/wp-content\/uploads\/2024\/01\/filtro-agua.jpg 600w, https:\/\/aquecedoresefiltros.com.br\/wp-content\/uploads\/2024\/01\/filtro-agua-300x108.jpg 300w\" sizes=\"(max-width: 600px) 100vw, 600px\" \/><\/figure>\n<\/div><!-- \/wp:image-->\n\n<!-- wp:paragraph--><div class=\"gridContainer\">\n<p>A crescente polui\u00e7\u00e3o dos rios, mananciais e \u00e1guas profundas, levou a TECSOL a desenvolver um filtro com design e tecnologia avan\u00e7ada, constru\u00eddo inteiramente em a\u00e7o inoxid\u00e1vel, que fornece \u00e1gua pura e inodora n\u00e3o somente para bebida e prepara\u00e7\u00e3o de alimentos, mas tamb\u00e9m para uso geral.<\/p>\n<\/div><!-- \/wp:paragraph-->\n\n<!-- wp:paragraph--><div class=\"gridContainer\">\n<p>A filtragem \u00e9 natural, atrav\u00e9s de um processo constitu\u00eddo por uma camada de carv\u00e3o ativado e por v\u00e1rias camadas de quartzo cristalino de diferentes granulosidades.<\/p>\n<\/div><!-- \/wp:paragraph-->\n\n<!-- wp:paragraph--><div class=\"gridContainer\">\n<p>Seu manuseio \u00e9 extremamente f\u00e1cil. uma v\u00e1lvula de duplo caminho evita qualquer possibilidade de a \u00e1gua polu\u00edda ser usada para consumo.<\/p>\n<\/div><!-- \/wp:paragraph-->\n\n<!-- wp:paragraph--><div class=\"gridContainer\">\n<p>O elemento filtrante quartzo \u00e9 permanente, enquanto que o carv\u00e3o deve ser substitu\u00eddo uma vez por ano, ou de acordo com as necessidades de cada regi\u00e3o.<\/p>\n<\/div><!-- \/wp:paragraph-->\n\n<!-- wp:paragraph--><div class=\"gridContainer\">\n<p>A limpeza do filtro, ( retro lavagem ) depende de uma regi\u00e3o para outra. normalmente faz-se uma vez por semana, atrav\u00e9s de uma simples opera\u00e7\u00e3o de abrir uma torneira e mudar a posi\u00e7\u00e3o de uma alavanca. Com isso inverte-se o fluxo de \u00e1gua e em apenas alguns minutos, s\u00e3o expelidas todas as impurezas e o filtro volta a produzir \u00e1gua completamente limpa e pura.<\/p>\n<\/div><!-- \/wp:paragraph-->\n\n<!-- wp:paragraph--><div class=\"gridContainer\">\n<p>O filtro central TECSOL pode ser instalado em qualquer resid\u00eancia junto a entrada de \u00e1gua para casa. \u00c9 altamente indicado para o uso em escolas, hospitais, hot\u00e9is, ind\u00fastrias po\u00e7os artesianos e em qualquer estabelecimento comercial.<\/p>\n<\/div><!-- \/wp:paragraph-->\n\n<!-- wp:paragraph--><div class=\"gridContainer\">\n<p>O filtro de \u00e1gua central TECSOL \u00e9 aprovado em todos os testes, e com a garantia de \u00e1gua pura e cristalina.<br>APROVADO COM TESTES FEITO PELO INMETRO.<\/p>\n<\/div><!-- \/wp:paragraph-->\n\n<!-- wp:paragraph--><div class=\"gridContainer\">\n<p>Lembre-se nossa sa\u00fade em primeiro lugar. O filtro Central TECSOL ajuda a conserv\u00e1-la.<\/p>\n<\/div><!-- \/wp:paragraph-->\n\n<!-- wp:paragraph--><div class=\"gridContainer\">\n<p>Veja abaixo o manual do Filtro Residencial TECSOL<\/p>\n<\/div><!-- \/wp:paragraph-->\n\n<!-- wp:paragraph--><div class=\"gridContainer\">\n<p><\/p>\n<\/div><!-- \/wp:paragraph-->\n\n<!-- wp:file {\"id\":50,\"href\":\"https:\/\/aquecedoresefiltros.com.br\/wp-content\/uploads\/2024\/01\/1.MQ-02_-_01_Manual_do_Filtro_TecSol.pdf\",\"displayPreview\":true}--><div class=\"gridContainer\">\n<div class=\"wp-block-file\"><object class=\"wp-block-file__embed\" data=\"https:\/\/aquecedoresefiltros.com.br\/wp-content\/uploads\/2024\/01\/1.MQ-02_-_01_Manual_do_Filtro_TecSol.pdf\" type=\"application\/pdf\" style=\"width:100%;height:600px\" aria-label=\"1.MQ-02_-_01_Manual_do_Filtro_TecSol\"><\/object><a id=\"wp-block-file--media-dc049b32-8d78-4d42-bdda-fcc776f60525\" href=\"https:\/\/aquecedoresefiltros.com.br\/wp-content\/uploads\/2024\/01\/1.MQ-02_-_01_Manual_do_Filtro_TecSol.pdf\">1.MQ-02_-_01_Manual_do_Filtro_TecSol<\/a><a href=\"https:\/\/aquecedoresefiltros.com.br\/wp-content\/uploads\/2024\/01\/1.MQ-02_-_01_Manual_do_Filtro_TecSol.pdf\" class=\"wp-block-file__button wp-element-button\" download aria-describedby=\"wp-block-file--media-dc049b32-8d78-4d42-bdda-fcc776f60525\">Baixar<\/a><\/div>\n<\/div><!-- \/wp:file-->","protected":false},"excerpt":{"rendered":"<p>\u2013 BEBER \u00c1GUA FILTRADA \u00c9 CUIDAR DA SUA SA\u00daDE, E COM O FILTRO CENTRAL TECSOL VOC\u00ca TER\u00c1 \u00c1GUA FILTRADA EM TODAS AS TORNEIRAS DE SUA CASA. A crescente polui\u00e7\u00e3o dos rios, mananciais e \u00e1guas profundas, levou a TECSOL a desenvolver um filtro com design e tecnologia avan\u00e7ada, constru\u00eddo inteiramente em a\u00e7o inoxid\u00e1vel, que fornece \u00e1gua&nbsp;&hellip;<\/p>\n","protected":false},"author":1,"featured_media":0,"parent":0,"menu_order":0,"comment_status":"closed","ping_status":"closed","template":"","meta":{"footnotes":""},"_links":{"self":[{"href":"https:\/\/aquecedoresefiltros.com.br\/index.php\/wp-json\/wp\/v2\/pages\/49"}],"collection":[{"href":"https:\/\/aquecedoresefiltros.com.br\/index.php\/wp-json\/wp\/v2\/pages"}],"about":[{"href":"https:\/\/aquecedoresefiltros.com.br\/index.php\/wp-json\/wp\/v2\/types\/page"}],"author":[{"embeddable":true,"href":"https:\/\/aquecedoresefiltros.com.br\/index.php\/wp-json\/wp\/v2\/users\/1"}],"replies":[{"embeddable":true,"href":"https:\/\/aquecedoresefiltros.com.br\/index.php\/wp-json\/wp\/v2\/comments?post=49"}],"version-history":[{"count":1,"href":"https:\/\/aquecedoresefiltros.com.br\/index.php\/wp-json\/wp\/v2\/pages\/49\/revisions"}],"predecessor-version":[{"id":51,"href":"https:\/\/aquecedoresefiltros.com.br\/index.php\/wp-json\/wp\/v2\/pages\/49\/revisions\/51"}],"wp:attachment":[{"href":"https:\/\/aquecedoresefiltros.com.br\/index.php\/wp-json\/wp\/v2\/media?parent=49"}],"curies":[{"name":"wp","href":"https:\/\/api.w.org\/{rel}","templated":true}]}}