{"id":68,"date":"2024-01-18T15:59:15","date_gmt":"2024-01-18T18:59:15","guid":{"rendered":"https:\/\/aquecedoresefiltros.com.br\/?page_id=68"},"modified":"2024-01-18T15:59:15","modified_gmt":"2024-01-18T18:59:15","slug":"energia-fotovoltaica","status":"publish","type":"page","link":"https:\/\/aquecedoresefiltros.com.br\/index.php\/energia-fotovoltaica\/","title":{"rendered":"Energia Fotovoltaica"},"content":{"rendered":"<!-- wp:heading--><div class=\"gridContainer\">\n<h2 class=\"wp-block-heading\">MAGNATEC TECNOLOGIA<\/h2>\n<\/div><!-- \/wp:heading-->\n\n<!-- wp:paragraph--><div class=\"gridContainer\">\n<p>Conhe\u00e7a mais sobre o(a) Magnatec Tecnologia, Venda e instala\u00e7\u00e3o de equipamentos de energia solar fotovoltaica&nbsp;. Nossa empresa foi fundada em 2012&nbsp;pelo Engenheiro Rennan Guimar\u00e3es de Carvalho. Desde ent\u00e3o, temos crescido em tamanho e reputa\u00e7\u00e3o em uma velocidade surpreendente. Somos l\u00edderes em atendimento ao cliente e satisfa\u00e7\u00e3o, e nos esfor\u00e7amos para oferecer o melhor servi\u00e7o a todos que trabalham conosco.<\/p>\n<\/div><!-- \/wp:paragraph-->\n\n<!-- wp:image {\"id\":36,\"sizeSlug\":\"large\",\"linkDestination\":\"none\"}--><div class=\"gridContainer\">\n<figure class=\"wp-block-image size-large\"><img loading=\"lazy\" decoding=\"async\" width=\"1024\" height=\"686\" src=\"https:\/\/aquecedoresefiltros.com.br\/wp-content\/uploads\/2024\/01\/fotovoltaica-1024x686.jpeg\" alt=\"\" class=\"wp-image-36\" srcset=\"https:\/\/aquecedoresefiltros.com.br\/wp-content\/uploads\/2024\/01\/fotovoltaica-1024x686.jpeg 1024w, https:\/\/aquecedoresefiltros.com.br\/wp-content\/uploads\/2024\/01\/fotovoltaica-300x201.jpeg 300w, https:\/\/aquecedoresefiltros.com.br\/wp-content\/uploads\/2024\/01\/fotovoltaica-768x515.jpeg 768w, https:\/\/aquecedoresefiltros.com.br\/wp-content\/uploads\/2024\/01\/fotovoltaica-1232x826.jpeg 1232w, https:\/\/aquecedoresefiltros.com.br\/wp-content\/uploads\/2024\/01\/fotovoltaica.jpeg 1276w\" sizes=\"(max-width: 1024px) 100vw, 1024px\" \/><\/figure>\n<\/div><!-- \/wp:image-->\n\n<!-- wp:shortcode--><div class=\"gridContainer\">\n<p class=\"wpcf7-contact-form-not-found\"><strong>Error:<\/strong> Contact form not found.<\/p>\n<\/div><!-- \/wp:shortcode-->","protected":false},"excerpt":{"rendered":"<p>MAGNATEC TECNOLOGIA Conhe\u00e7a mais sobre o(a) Magnatec Tecnologia, Venda e instala\u00e7\u00e3o de equipamentos de energia solar fotovoltaica&nbsp;. Nossa empresa foi fundada em 2012&nbsp;pelo Engenheiro Rennan Guimar\u00e3es de Carvalho. Desde ent\u00e3o, temos crescido em tamanho e reputa\u00e7\u00e3o em uma velocidade surpreendente. Somos l\u00edderes em atendimento ao cliente e satisfa\u00e7\u00e3o, e nos esfor\u00e7amos para oferecer o melhor&nbsp;&hellip;<\/p>\n","protected":false},"author":1,"featured_media":0,"parent":0,"menu_order":0,"comment_status":"closed","ping_status":"closed","template":"","meta":{"footnotes":""},"_links":{"self":[{"href":"https:\/\/aquecedoresefiltros.com.br\/index.php\/wp-json\/wp\/v2\/pages\/68"}],"collection":[{"href":"https:\/\/aquecedoresefiltros.com.br\/index.php\/wp-json\/wp\/v2\/pages"}],"about":[{"href":"https:\/\/aquecedoresefiltros.com.br\/index.php\/wp-json\/wp\/v2\/types\/page"}],"author":[{"embeddable":true,"href":"https:\/\/aquecedoresefiltros.com.br\/index.php\/wp-json\/wp\/v2\/users\/1"}],"replies":[{"embeddable":true,"href":"https:\/\/aquecedoresefiltros.com.br\/index.php\/wp-json\/wp\/v2\/comments?post=68"}],"version-history":[{"count":1,"href":"https:\/\/aquecedoresefiltros.com.br\/index.php\/wp-json\/wp\/v2\/pages\/68\/revisions"}],"predecessor-version":[{"id":69,"href":"https:\/\/aquecedoresefiltros.com.br\/index.php\/wp-json\/wp\/v2\/pages\/68\/revisions\/69"}],"wp:attachment":[{"href":"https:\/\/aquecedoresefiltros.com.br\/index.php\/wp-json\/wp\/v2\/media?parent=68"}],"curies":[{"name":"wp","href":"https:\/\/api.w.org\/{rel}","templated":true}]}}